{"id":514105,"date":"2021-06-11T14:15:37","date_gmt":"2021-06-11T12:15:37","guid":{"rendered":"https:\/\/wp-test.bigmachinery.nl\/services\/our-team\/"},"modified":"2021-11-23T11:45:59","modified_gmt":"2021-11-23T10:45:59","slug":"a-nossa-equipa","status":"publish","type":"page","link":"https:\/\/wp-test.bigmachinery.nl\/pt-pt\/servicos\/a-nossa-equipa\/","title":{"rendered":"A nossa equipa"},"content":{"rendered":"","protected":false},"excerpt":{"rendered":"","protected":false},"author":1,"featured_media":513632,"parent":514095,"menu_order":0,"comment_status":"closed","ping_status":"closed","template":"","meta":[],"acf":{"page_content":[{"acf_fc_layout":"team","team":[{"image":false,"name":"Roberto de Ruiter","function":"Vendas","contact":true,"email":""},{"image":false,"name":"Wais Sadeghi","function":"Vendas","contact":true,"email":""},{"image":false,"name":"Ad van Beurden","function":"Vendas e Compras","contact":true,"email":""},{"image":false,"name":"Johannes Hofman","function":"Compras","contact":true,"email":""},{"image":false,"name":"Leon de Groot","function":"Transporte e Log\u00edstica","contact":true,"email":""},{"image":false,"name":"Cristijn van den Biggelaar","function":"Dire\u00e7\u00e3o Geral","contact":true,"email":""},{"image":false,"name":"Huub van Ooijen","function":"Motorista de transporte","contact":false,"email":""},{"image":false,"name":"Arnold van Beurden","function":"Motorista de transporte","contact":false,"email":""},{"image":false,"name":"Benny de Bekker","function":"Dire\u00e7\u00e3o de oficina","contact":true,"email":""},{"image":false,"name":"Ad Sengers","function":"Mec\u00e2nico","contact":false,"email":""},{"image":false,"name":"Wessel","function":"Mec\u00e2nico e Respons\u00e1vel pela limpeza","contact":false,"email":""},{"image":false,"name":"Kristov","function":"Mec\u00e2nico e Respons\u00e1vel pela limpeza","contact":false,"email":""}],"form":"5"}]},"_links":{"self":[{"href":"https:\/\/wp-test.bigmachinery.nl\/pt-pt\/wp-json\/wp\/v2\/pages\/514105"}],"collection":[{"href":"https:\/\/wp-test.bigmachinery.nl\/pt-pt\/wp-json\/wp\/v2\/pages"}],"about":[{"href":"https:\/\/wp-test.bigmachinery.nl\/pt-pt\/wp-json\/wp\/v2\/types\/page"}],"author":[{"embeddable":true,"href":"https:\/\/wp-test.bigmachinery.nl\/pt-pt\/wp-json\/wp\/v2\/users\/1"}],"replies":[{"embeddable":true,"href":"https:\/\/wp-test.bigmachinery.nl\/pt-pt\/wp-json\/wp\/v2\/comments?post=514105"}],"version-history":[{"count":2,"href":"https:\/\/wp-test.bigmachinery.nl\/pt-pt\/wp-json\/wp\/v2\/pages\/514105\/revisions"}],"predecessor-version":[{"id":514338,"href":"https:\/\/wp-test.bigmachinery.nl\/pt-pt\/wp-json\/wp\/v2\/pages\/514105\/revisions\/514338"}],"up":[{"embeddable":true,"href":"https:\/\/wp-test.bigmachinery.nl\/pt-pt\/wp-json\/wp\/v2\/pages\/514095"}],"wp:featuredmedia":[{"embeddable":true,"href":"https:\/\/wp-test.bigmachinery.nl\/pt-pt\/wp-json\/wp\/v2\/media\/513632"}],"wp:attachment":[{"href":"https:\/\/wp-test.bigmachinery.nl\/pt-pt\/wp-json\/wp\/v2\/media?parent=514105"}],"curies":[{"name":"wp","href":"https:\/\/api.w.org\/{rel}","templated":true}]}}