{"id":514066,"date":"2016-11-04T15:49:44","date_gmt":"2016-11-04T14:49:44","guid":{"rendered":"https:\/\/wp-test.bigmachinery.nl\/contact-us\/"},"modified":"2021-11-22T14:51:51","modified_gmt":"2021-11-22T13:51:51","slug":"contacte-nos","status":"publish","type":"page","link":"https:\/\/wp-test.bigmachinery.nl\/pt-pt\/contacte-nos\/","title":{"rendered":"Contacte-nos"},"content":{"rendered":"","protected":false},"excerpt":{"rendered":"","protected":false},"author":1,"featured_media":0,"parent":0,"menu_order":0,"comment_status":"closed","ping_status":"closed","template":"template-contact.php","meta":[],"acf":{"text_box":"Contacte-nos para obter mais informa\u00e7\u00e3o. Teremos todo o prazer em assisti-lo.","contact_adres":"<p><strong>Big Machinery B.V.<\/strong><br \/>\nSchiemerik 1<br \/>\n5334 NL Velddriel<br \/>\nThe Netherlands<\/p>\n","contact_info":"<table>\n<tr>\n<td>N.\u00ba de telefone<\/td>\n<td>0031 (0)418 674 545<\/td>\n<\/tr>\n<tr>\n<td>Endere\u00e7o de e-mail<\/td>\n<td>info@bigmachinery.nl<\/td>\n<\/tr>\n<\/table>\n","google_maps":{"address":"Big Machinery Schiemerik 1 5334 NL Velddriel","lat":"51.76931829999999","lng":"5.304365500000017"},"additional":"<table class=\"contact-table\" width=\"100%\">\n<tbody>\n<tr>\n<td width=\"30%\"><strong>Endere\u00e7o da institui\u00e7\u00e3o banc\u00e1ria:<\/strong><br \/>\nRabobank Nederland<br \/>\nCroeselaan 18, 3521CB UTRECHT<\/td>\n<td width=\"35%\"><strong>BIG Machinery B.V.<\/strong><\/p>\n<table>\n<tbody>\n<tr>\n<td>NIPC<\/td>\n<td>: NL.8126.16.583.B.01<\/td>\n<\/tr>\n<tr>\n<td>N.\u00ba da C\u00e2mara de Com\u00e9rcio<\/td>\n<td>: 11057540<\/td>\n<\/tr>\n<tr>\n<td>C\u00f3digo Swift<\/td>\n<td>: RABONL2U<\/td>\n<\/tr>\n<tr>\n<td>N\u00famero de IBA<\/td>\n<td>: NL 62 RABO 0311 5122 08<\/td>\n<\/tr>\n<\/tbody>\n<\/table>\n<\/td>\n<td width=\"35%\"><strong>BIG Trucks B.V.<\/strong><\/p>\n<table>\n<tbody>\n<tr>\n<td>NIPC<\/td>\n<td>: NL..8134.72.222.B.01<\/td>\n<\/tr>\n<tr>\n<td>N.\u00ba da C\u00e2mara de Com\u00e9rcio<\/td>\n<td>: 24367007<\/td>\n<\/tr>\n<tr>\n<td>C\u00f3digo Swift<\/td>\n<td>: RABONL2U<\/td>\n<\/tr>\n<tr>\n<td>N\u00famero de IBA<\/td>\n<td>: NL 12 RABO 0351 6481 19<\/td>\n<\/tr>\n<\/tbody>\n<\/table>\n<\/td>\n<\/tr>\n<\/tbody>\n<\/table>\n","form":"1"},"_links":{"self":[{"href":"https:\/\/wp-test.bigmachinery.nl\/pt-pt\/wp-json\/wp\/v2\/pages\/514066"}],"collection":[{"href":"https:\/\/wp-test.bigmachinery.nl\/pt-pt\/wp-json\/wp\/v2\/pages"}],"about":[{"href":"https:\/\/wp-test.bigmachinery.nl\/pt-pt\/wp-json\/wp\/v2\/types\/page"}],"author":[{"embeddable":true,"href":"https:\/\/wp-test.bigmachinery.nl\/pt-pt\/wp-json\/wp\/v2\/users\/1"}],"replies":[{"embeddable":true,"href":"https:\/\/wp-test.bigmachinery.nl\/pt-pt\/wp-json\/wp\/v2\/comments?post=514066"}],"version-history":[{"count":3,"href":"https:\/\/wp-test.bigmachinery.nl\/pt-pt\/wp-json\/wp\/v2\/pages\/514066\/revisions"}],"predecessor-version":[{"id":514285,"href":"https:\/\/wp-test.bigmachinery.nl\/pt-pt\/wp-json\/wp\/v2\/pages\/514066\/revisions\/514285"}],"wp:attachment":[{"href":"https:\/\/wp-test.bigmachinery.nl\/pt-pt\/wp-json\/wp\/v2\/media?parent=514066"}],"curies":[{"name":"wp","href":"https:\/\/api.w.org\/{rel}","templated":true}]}}