{"id":514053,"date":"2021-05-27T13:58:03","date_gmt":"2021-05-27T11:58:03","guid":{"rendered":"https:\/\/wp-test.bigmachinery.nl\/parts\/filter-packages\/"},"modified":"2021-11-19T13:21:28","modified_gmt":"2021-11-19T12:21:28","slug":"pacotes-de-filtros","status":"publish","type":"page","link":"https:\/\/wp-test.bigmachinery.nl\/pt-pt\/big-pecas\/pacotes-de-filtros\/","title":{"rendered":"Pacotes de filtros"},"content":{"rendered":"","protected":false},"excerpt":{"rendered":"","protected":false},"author":1,"featured_media":513676,"parent":514048,"menu_order":0,"comment_status":"closed","ping_status":"closed","template":"","meta":[],"acf":{"page_content":[{"acf_fc_layout":"two_columns","background_color":"white","intro":"<p>A BIG Machinery est\u00e1 apta a fornecer conjuntos de filtros originais Caterpillar para o seu equipamento. Oferecemos todos os tipos de filtros Caterpillar, incluindo Filtros de ar, Filtros de combust\u00edvel, Filtros de \u00f3leo, Separadores de \u00e1gua de combust\u00edvel ou Filtros de transmiss\u00e3o hidr\u00e1ulica.<\/p>\n","columns":{"column_left":"<p><img decoding=\"async\" loading=\"lazy\" width=\"1024\" height=\"684\" class=\"alignnone wp-image-473932 size-large\" src=\"https:\/\/wp-test.bigmachinery.nl\/app\/uploads\/2021\/05\/2-Filter-packages-1024x684.jpeg\" alt=\"\" srcset=\"https:\/\/wp-test.bigmachinery.nl\/app\/uploads\/2021\/05\/2-Filter-packages-1024x684.jpeg 1024w, https:\/\/wp-test.bigmachinery.nl\/app\/uploads\/2021\/05\/2-Filter-packages-300x200.jpeg 300w, https:\/\/wp-test.bigmachinery.nl\/app\/uploads\/2021\/05\/2-Filter-packages-768x513.jpeg 768w, https:\/\/wp-test.bigmachinery.nl\/app\/uploads\/2021\/05\/2-Filter-packages-1536x1025.jpeg 1536w, https:\/\/wp-test.bigmachinery.nl\/app\/uploads\/2021\/05\/2-Filter-packages-2048x1367.jpeg 2048w\" sizes=\"(max-width: 1024px) 100vw, 1024px\" \/><\/p>\n","column_right":"<p><strong>Os benef\u00edcios da utiliza\u00e7\u00e3o de filtros CAT oficiais s\u00e3o:<\/strong><\/p>\n<ul>\n<li>Contas acr\u00edlicas para evitar o amontoado de pregas<\/li>\n<li>Mecha espiral para uma maior estabilidade das pregas<\/li>\n<li>Um tubo central de nylon para evitar a contamina\u00e7\u00e3o do metal<\/li>\n<li>Tamp\u00f5es finais moldados para evitar fugas<\/li>\n<\/ul>\n<p>Podemos tamb\u00e9m fornecer-lhe conjuntos de filtros de outras marcas para as suas m\u00e1quinas Caterpillar como a CTP e outras.<\/p>\n"}},{"acf_fc_layout":"form","title":"Aanvraagformulier Pe\u00e7as e pacotes de filtros","form":"3"}]},"_links":{"self":[{"href":"https:\/\/wp-test.bigmachinery.nl\/pt-pt\/wp-json\/wp\/v2\/pages\/514053"}],"collection":[{"href":"https:\/\/wp-test.bigmachinery.nl\/pt-pt\/wp-json\/wp\/v2\/pages"}],"about":[{"href":"https:\/\/wp-test.bigmachinery.nl\/pt-pt\/wp-json\/wp\/v2\/types\/page"}],"author":[{"embeddable":true,"href":"https:\/\/wp-test.bigmachinery.nl\/pt-pt\/wp-json\/wp\/v2\/users\/1"}],"replies":[{"embeddable":true,"href":"https:\/\/wp-test.bigmachinery.nl\/pt-pt\/wp-json\/wp\/v2\/comments?post=514053"}],"version-history":[{"count":3,"href":"https:\/\/wp-test.bigmachinery.nl\/pt-pt\/wp-json\/wp\/v2\/pages\/514053\/revisions"}],"predecessor-version":[{"id":514256,"href":"https:\/\/wp-test.bigmachinery.nl\/pt-pt\/wp-json\/wp\/v2\/pages\/514053\/revisions\/514256"}],"up":[{"embeddable":true,"href":"https:\/\/wp-test.bigmachinery.nl\/pt-pt\/wp-json\/wp\/v2\/pages\/514048"}],"wp:featuredmedia":[{"embeddable":true,"href":"https:\/\/wp-test.bigmachinery.nl\/pt-pt\/wp-json\/wp\/v2\/media\/513676"}],"wp:attachment":[{"href":"https:\/\/wp-test.bigmachinery.nl\/pt-pt\/wp-json\/wp\/v2\/media?parent=514053"}],"curies":[{"name":"wp","href":"https:\/\/api.w.org\/{rel}","templated":true}]}}