{"id":94534,"date":"2016-11-08T10:16:18","date_gmt":"2016-11-08T09:16:18","guid":{"rendered":"https:\/\/www.bigmachinery.nl\/about-big-machinery\/"},"modified":"2021-11-17T13:47:46","modified_gmt":"2021-11-17T12:47:46","slug":"a-propos-de-big-machinery","status":"publish","type":"page","link":"https:\/\/wp-test.bigmachinery.nl\/fr\/a-propos-de-big-machinery\/","title":{"rendered":"\u00c0 propos de BIG Machinery"},"content":{"rendered":"","protected":false},"excerpt":{"rendered":"","protected":false},"author":1,"featured_media":0,"parent":0,"menu_order":0,"comment_status":"closed","ping_status":"closed","template":"template-about-us.php","meta":[],"acf":{"intro_text":[{"text_column":"<p>BIG Machinery est votre fournisseur recommand\u00e9 pour les machines neuves et d\u2019occasion pour les travaux de terrassement, de d\u00e9molition et l&rsquo;industrie mini\u00e8re.<\/p>\n<p>Le si\u00e8ge social de BIG est situ\u00e9 \u00e0 Velddriel, aux Pays-Bas.<\/p>\n"},{"text_column":"<p>BIG Machinery dispose de plus de 500 machines neuves et d&rsquo;occasions d&rsquo;\u00e9quipement lourd. Nous avons la plus grande flotte d\u2019Europe, et par cons\u00e9quent, nous pouvons livrer l\u2019\u00e9quipement que vous voulez n\u2019importe o\u00f9 dans le monde, dans les plus brefs d\u00e9lais.<\/p>\n"}],"content":"<article class=\"about-content\">\n<p class=\"normal\"><span lang=\"FR\">Le groupe BIG est le fruit de plus de 30 ans d\u2019existence aupr\u00e8s d&rsquo;entreprises bas\u00e9es aux Pays-Bas\u00a0: BIG Machinery, BIG Trucks, BIG Rental et BIG Dredging associ\u00e9e \u00e0 Holland Dredge Design (HDD). Le groupe d&rsquo;entreprises BIG est sp\u00e9cialis\u00e9 dans la fourniture d\u2019\u00e9quipements miniers, de machines pour la construction de routes et d&rsquo;applications de dragage pour l\u2019industrie du dragage. Nous vous souhaitons la bienvenue dans notre si\u00e8ge social \u00e0 Velddriel, aux Pays-Bas.<\/span><\/p>\n<\/article>\n","tekst_met_afbeelding":[{"title":"BIG GROUP PAYS-BAS","text":"<p>Depuis pr\u00e8s de 30 ans, BIG Machinery, membre du groupe d'entreprises BIG, travaille \u00e0 devenir le plus grand distributeur et fournisseur au monde de machinerie lourde pour la construction et l'industrie mini\u00e8re.<\/p>\n<p>BIG Machinery dispose de plus de 500 machines neuves et d'occasions d'\u00e9quipement lourd. Nous avons la plus grande flotte d\u2019Europe, et par cons\u00e9quent, nous pouvons livrer l\u2019\u00e9quipement que vous voulez dans les plus brefs d\u00e9lais.<\/p>\n<p>Nous fournissons un \u00e9quipement pour diverses applications, allant du secteur minier, \u00e0 la construction et \u00e0 la construction de routes, jusqu'au tamisage et au concassage directement depuis le stock.<\/p>\n<p>Outre la livraison de mat\u00e9riel de terrassement, des partenaires cl\u00e9s nous ont demand\u00e9 de les aider \u00e0 acqu\u00e9rir du mat\u00e9riel de dragage. Cela nous a conduit \u00e0 cr\u00e9er un nouveau concept \u00e0 c\u00f4t\u00e9 de BIG Machinery, qui a donn\u00e9 le jour au dernier membre du groupe, BIG Dredging.<\/p>\n<p>Depuis d\u00e9but 2016 BIG Dredging s'est associ\u00e9e \u00e0 Holland Dredge Design pour acqu\u00e9rir une grande exp\u00e9rience du dragage. Cette combinaison s'est d\u00e9j\u00e0 av\u00e9r\u00e9e gagnante en permettant de r\u00e9pondre \u00e0 toutes les questions de nos clients.<\/p>\n","readmore_text":"NOS PRODUITS","readmore_url":"https:\/\/www.bigmachinery.nl\/our-products\/","image":"https:\/\/wp-test.bigmachinery.nl\/app\/uploads\/2016\/11\/BIG-Machinery-BV-yard-e1483010671591.jpg","image_position":"left"},{"title":"BIG Trucks","text":"<p>BIG Trucks est un membre du groupe d'entreprises BIG, situ\u00e9 \u00e0 Velddriel, aux Pays-Bas et est sp\u00e9cialis\u00e9e dans la vente et le service apr\u00e8s-vente de camions neufs et d'occasion.<\/p>\n","readmore_text":"","readmore_url":"","image":"https:\/\/wp-test.bigmachinery.nl\/app\/uploads\/2016\/11\/BIG-Trucks.jpg","image_position":"right"},{"title":"BIG Trailers","text":"<p>BIG Machinery peut vous livrer vos remorques Ozgul et Ozsan directement depuis l'inventaire. Ces remorques sont assembl\u00e9es avec soin et command\u00e9es directement depuis l'inventaire, afin que nous puissions vous les livrer rapidement et vous les offrir \u00e0 un prix comp\u00e9titif.<br \/>\nNous offrons deux lignes de remorques. Des remorques fabriqu\u00e9es et enregistr\u00e9es pour utilisation en Europe, ainsi que des remorques provenant de l'export.<br \/>\nLes remorques provenant de l'export ne peuvent pas \u00eatre enregistr\u00e9es en Europe et servent uniquement en dehors de l'Europe ou dans des zones pr\u00e9cises \u00e0 l'int\u00e9rieur de l'Europe.<\/p>\n","readmore_text":"NOS REMORQUES","readmore_url":"https:\/\/wp-test.bigmachinery.nl\/category\/trailer\/","image":"https:\/\/wp-test.bigmachinery.nl\/app\/uploads\/2021\/05\/A1-Ozgul-trailer-with-BIG-Machinery-3340-truck.jpg","image_position":"left"},{"title":"BIG Parts","text":"<p>BIG Machinery est en mesure de vous fournir des pi\u00e8ces d'origine Caterpillar ou des pi\u00e8ces de rechange de haute qualit\u00e9. BIG Machinery travaille directement avec Caterpillar et avec des fournisseurs du monde entier qui sont pourvus d'un large assortiment de pi\u00e8ces pour une livraison rapide et rapide \u00e0 notre entrep\u00f4t aux Pays-Bas.<br \/>\nNos fournisseurs s'assurent que les pi\u00e8ces de rechange r\u00e9pondent aux normes de qualit\u00e9 les plus \u00e9lev\u00e9es. Cela nous permet de garantir la qualit\u00e9 de l'assortiment. <\/p>\n","readmore_text":"NOS PI\u00c8CES","readmore_url":"https:\/\/wp-test.bigmachinery.nl\/parts\/","image":"https:\/\/wp-test.bigmachinery.nl\/app\/uploads\/2021\/05\/A2-VemaTrack-product-group_HR-scaled.jpg","image_position":"right"},{"title":"BIG Rental and Services BV","text":"<p>BIG Rental and Services BV est un membre du groupe d'entreprises BIG, situ\u00e9 \u00e0 Botlek, pr\u00e8s de Rotterdam, aux Pays-Bas. BIG Rental est active au Benelux et loue de la machinerie l\u00e9g\u00e8re \u00e0 lourde et de l'\u00e9quipement de transport pour la manutention, le terrassement et l'industrie du recyclage.<\/p>\n","readmore_text":"","readmore_url":"","image":"https:\/\/wp-test.bigmachinery.nl\/app\/uploads\/2021\/06\/S6-EMO-liebherr-scaled.jpeg","image_position":"right"}]},"_links":{"self":[{"href":"https:\/\/wp-test.bigmachinery.nl\/fr\/wp-json\/wp\/v2\/pages\/94534"}],"collection":[{"href":"https:\/\/wp-test.bigmachinery.nl\/fr\/wp-json\/wp\/v2\/pages"}],"about":[{"href":"https:\/\/wp-test.bigmachinery.nl\/fr\/wp-json\/wp\/v2\/types\/page"}],"author":[{"embeddable":true,"href":"https:\/\/wp-test.bigmachinery.nl\/fr\/wp-json\/wp\/v2\/users\/1"}],"replies":[{"embeddable":true,"href":"https:\/\/wp-test.bigmachinery.nl\/fr\/wp-json\/wp\/v2\/comments?post=94534"}],"version-history":[{"count":2,"href":"https:\/\/wp-test.bigmachinery.nl\/fr\/wp-json\/wp\/v2\/pages\/94534\/revisions"}],"predecessor-version":[{"id":514181,"href":"https:\/\/wp-test.bigmachinery.nl\/fr\/wp-json\/wp\/v2\/pages\/94534\/revisions\/514181"}],"wp:attachment":[{"href":"https:\/\/wp-test.bigmachinery.nl\/fr\/wp-json\/wp\/v2\/media?parent=94534"}],"curies":[{"name":"wp","href":"https:\/\/api.w.org\/{rel}","templated":true}]}}