{"id":514103,"date":"2021-06-11T14:15:37","date_gmt":"2021-06-11T12:15:37","guid":{"rendered":"https:\/\/wp-test.bigmachinery.nl\/services\/our-team\/"},"modified":"2021-11-23T11:43:00","modified_gmt":"2021-11-23T10:43:00","slug":"notre-equipe","status":"publish","type":"page","link":"https:\/\/wp-test.bigmachinery.nl\/fr\/services\/notre-equipe\/","title":{"rendered":"Notre \u00e9quipe"},"content":{"rendered":"","protected":false},"excerpt":{"rendered":"","protected":false},"author":1,"featured_media":513630,"parent":514093,"menu_order":0,"comment_status":"closed","ping_status":"closed","template":"","meta":[],"acf":{"page_content":[{"acf_fc_layout":"team","team":[{"image":false,"name":"Roberto de Ruiter","function":"Ventes","contact":true,"email":""},{"image":false,"name":"Wais Sadeghi","function":"Ventes","contact":true,"email":""},{"image":false,"name":"Ad van Beurden","function":"Achats et ventes","contact":true,"email":""},{"image":false,"name":"Johannes Hofman","function":"Achats","contact":true,"email":""},{"image":false,"name":"Leon de Groot","function":"Transport et logistique","contact":true,"email":""},{"image":false,"name":"Cristijn van den Biggelaar","function":"Directeur g\u00e9n\u00e9ral","contact":true,"email":""},{"image":false,"name":"Huub van Ooijen","function":"Transporteur routier","contact":false,"email":""},{"image":false,"name":"Arnold van Beurden","function":"Transporteur routier","contact":false,"email":""},{"image":false,"name":"Benny de Bekker","function":"Gestionnaire atelier","contact":true,"email":""},{"image":false,"name":"Ad Sengers","function":"M\u00e9canicien","contact":false,"email":""},{"image":false,"name":"Wessel","function":"M\u00e9canicien et agent d'entretien","contact":false,"email":""},{"image":false,"name":"Kristov","function":"M\u00e9canicien et agent d'entretien","contact":false,"email":""}],"form":"5"}]},"_links":{"self":[{"href":"https:\/\/wp-test.bigmachinery.nl\/fr\/wp-json\/wp\/v2\/pages\/514103"}],"collection":[{"href":"https:\/\/wp-test.bigmachinery.nl\/fr\/wp-json\/wp\/v2\/pages"}],"about":[{"href":"https:\/\/wp-test.bigmachinery.nl\/fr\/wp-json\/wp\/v2\/types\/page"}],"author":[{"embeddable":true,"href":"https:\/\/wp-test.bigmachinery.nl\/fr\/wp-json\/wp\/v2\/users\/1"}],"replies":[{"embeddable":true,"href":"https:\/\/wp-test.bigmachinery.nl\/fr\/wp-json\/wp\/v2\/comments?post=514103"}],"version-history":[{"count":2,"href":"https:\/\/wp-test.bigmachinery.nl\/fr\/wp-json\/wp\/v2\/pages\/514103\/revisions"}],"predecessor-version":[{"id":514335,"href":"https:\/\/wp-test.bigmachinery.nl\/fr\/wp-json\/wp\/v2\/pages\/514103\/revisions\/514335"}],"up":[{"embeddable":true,"href":"https:\/\/wp-test.bigmachinery.nl\/fr\/wp-json\/wp\/v2\/pages\/514093"}],"wp:featuredmedia":[{"embeddable":true,"href":"https:\/\/wp-test.bigmachinery.nl\/fr\/wp-json\/wp\/v2\/media\/513630"}],"wp:attachment":[{"href":"https:\/\/wp-test.bigmachinery.nl\/fr\/wp-json\/wp\/v2\/media?parent=514103"}],"curies":[{"name":"wp","href":"https:\/\/api.w.org\/{rel}","templated":true}]}}