{"id":514061,"date":"2021-05-27T13:59:10","date_gmt":"2021-05-27T11:59:10","guid":{"rendered":"https:\/\/wp-test.bigmachinery.nl\/parts\/undercarriage-components\/"},"modified":"2021-11-19T15:39:32","modified_gmt":"2021-11-19T14:39:32","slug":"composants-du-train-de-roulement","status":"publish","type":"page","link":"https:\/\/wp-test.bigmachinery.nl\/fr\/big-pieces\/composants-du-train-de-roulement\/","title":{"rendered":"Composants du train de roulement"},"content":{"rendered":"","protected":false},"excerpt":{"rendered":"","protected":false},"author":1,"featured_media":513679,"parent":514046,"menu_order":0,"comment_status":"closed","ping_status":"closed","template":"","meta":[],"acf":{"page_content":[{"acf_fc_layout":"two_columns","background_color":"white","intro":"<p>BIG Machinery est votre fournisseur recommand\u00e9 pour les nouveaux composants de train de roulement de haute qualit\u00e9. Nous avons rassembl\u00e9 une gamme de composants de train de roulement de haute qualit\u00e9 qui est commercialis\u00e9e sous le label Vematrack.<\/p>\n","columns":{"column_left":"<p><img decoding=\"async\" loading=\"lazy\" class=\"alignnone size-large wp-image-473972\" src=\"https:\/\/wp-test.bigmachinery.nl\/app\/uploads\/2021\/06\/VemaTrack-product-group_HR-1024x620.jpg\" alt=\"\" width=\"1024\" height=\"620\" srcset=\"https:\/\/wp-test.bigmachinery.nl\/app\/uploads\/2021\/06\/VemaTrack-product-group_HR-1024x620.jpg 1024w, https:\/\/wp-test.bigmachinery.nl\/app\/uploads\/2021\/06\/VemaTrack-product-group_HR-300x182.jpg 300w, https:\/\/wp-test.bigmachinery.nl\/app\/uploads\/2021\/06\/VemaTrack-product-group_HR-768x465.jpg 768w, https:\/\/wp-test.bigmachinery.nl\/app\/uploads\/2021\/06\/VemaTrack-product-group_HR-1536x930.jpg 1536w, https:\/\/wp-test.bigmachinery.nl\/app\/uploads\/2021\/06\/VemaTrack-product-group_HR-2048x1240.jpg 2048w\" sizes=\"(max-width: 1024px) 100vw, 1024px\" \/><\/p>\n","column_right":"<p class=\"p1\">Avec notre gamme de cha\u00eenes, patins, pignons, galets sup\u00e9rieurs, galets de roulement et galets de renvoi, nous pouvons offrir toutes les pi\u00e8ces pour les engins de terrassement comme les excavatrices et les bulldozers.<br \/>\nLes composants du train de roulement Vematrack sont d&rsquo;excellente qualit\u00e9 et ont une tr\u00e8s longue dur\u00e9e de vie. Tous les composants du train de roulement Vematrack sont continuellement test\u00e9s dans les conditions les plus difficiles pour garantir leur fiabilit\u00e9 continue et leur dur\u00e9e de vie optimale.<\/p>\n<p class=\"p1\">Nous sommes en mesure de fournir des composants de train de roulement pour toutes les marques et tous les types de pelles et de bulldozers qui se trouvent dans votre flotte.<\/p>\n"}},{"acf_fc_layout":"bullet_points","title":"Pourquoi commander des pi\u00e8ces de train de roulement Vematrack aupr\u00e8s de BIG Machinery ?","text":"Fiabilit\u00e9\r\nLivraison rapide\r\nExcellent rapport performances\/prix.\r\nDisponible pour tous les types de pelles et de bulldozers\r\n"},{"acf_fc_layout":"info_blocks","title":"Big pi\u00e8ces","blocks":[{"image":{"ID":513685,"id":513685,"title":"VemaTrack product group_HR","filename":"VemaTrack-product-group_HR-scaled.jpg","filesize":337529,"url":"https:\/\/wp-test.bigmachinery.nl\/app\/uploads\/2021\/06\/VemaTrack-product-group_HR-scaled.jpg","link":"https:\/\/wp-test.bigmachinery.nl\/fr\/big-pieces\/composants-du-train-de-roulement\/vematrack-product-group_hr-2\/","alt":"","author":"1","description":"","caption":"","name":"vematrack-product-group_hr-2","status":"inherit","uploaded_to":514061,"date":"2021-06-08 12:37:28","modified":"2021-06-08 12:37:28","menu_order":0,"mime_type":"image\/jpeg","type":"image","subtype":"jpeg","icon":"https:\/\/wp-test.bigmachinery.nl\/wp\/wp-includes\/images\/media\/default.png","width":2560,"height":1549,"sizes":{"thumbnail":"https:\/\/wp-test.bigmachinery.nl\/app\/uploads\/2021\/06\/VemaTrack-product-group_HR-150x150.jpg","thumbnail-width":150,"thumbnail-height":150,"medium":"https:\/\/wp-test.bigmachinery.nl\/app\/uploads\/2021\/06\/VemaTrack-product-group_HR-300x182.jpg","medium-width":300,"medium-height":182,"medium_large":"https:\/\/wp-test.bigmachinery.nl\/app\/uploads\/2021\/06\/VemaTrack-product-group_HR-768x465.jpg","medium_large-width":768,"medium_large-height":465,"large":"https:\/\/wp-test.bigmachinery.nl\/app\/uploads\/2021\/06\/VemaTrack-product-group_HR-1024x620.jpg","large-width":1024,"large-height":620,"1536x1536":"https:\/\/wp-test.bigmachinery.nl\/app\/uploads\/2021\/06\/VemaTrack-product-group_HR-1536x930.jpg","1536x1536-width":1536,"1536x1536-height":930,"2048x2048":"https:\/\/wp-test.bigmachinery.nl\/app\/uploads\/2021\/06\/VemaTrack-product-group_HR-2048x1240.jpg","2048x2048-width":2048,"2048x2048-height":1240}},"title":"TRAIN DE ROULEMENT COMPLET","text":""},{"image":{"ID":513715,"id":513715,"title":"Track links","filename":"Track-links.png","filesize":560034,"url":"https:\/\/wp-test.bigmachinery.nl\/app\/uploads\/2021\/06\/Track-links.png","link":"https:\/\/wp-test.bigmachinery.nl\/fr\/big-pieces\/composants-du-train-de-roulement\/track-links-2\/","alt":"","author":"1","description":"","caption":"","name":"track-links-2","status":"inherit","uploaded_to":514061,"date":"2021-06-08 12:38:36","modified":"2021-06-08 12:38:36","menu_order":0,"mime_type":"image\/png","type":"image","subtype":"png","icon":"https:\/\/wp-test.bigmachinery.nl\/wp\/wp-includes\/images\/media\/default.png","width":1772,"height":1772,"sizes":{"thumbnail":"https:\/\/wp-test.bigmachinery.nl\/app\/uploads\/2021\/06\/Track-links-150x150.png","thumbnail-width":150,"thumbnail-height":150,"medium":"https:\/\/wp-test.bigmachinery.nl\/app\/uploads\/2021\/06\/Track-links-300x300.png","medium-width":300,"medium-height":300,"medium_large":"https:\/\/wp-test.bigmachinery.nl\/app\/uploads\/2021\/06\/Track-links-768x768.png","medium_large-width":768,"medium_large-height":768,"large":"https:\/\/wp-test.bigmachinery.nl\/app\/uploads\/2021\/06\/Track-links-1024x1024.png","large-width":1024,"large-height":1024,"1536x1536":"https:\/\/wp-test.bigmachinery.nl\/app\/uploads\/2021\/06\/Track-links-1536x1536.png","1536x1536-width":1536,"1536x1536-height":1536,"2048x2048":"https:\/\/wp-test.bigmachinery.nl\/app\/uploads\/2021\/06\/Track-links.png","2048x2048-width":1772,"2048x2048-height":1772}},"title":"CHAINES","text":""},{"image":{"ID":513703,"id":513703,"title":"Sprocket","filename":"Sprocket.png","filesize":399474,"url":"https:\/\/wp-test.bigmachinery.nl\/app\/uploads\/2021\/06\/Sprocket.png","link":"https:\/\/wp-test.bigmachinery.nl\/fr\/big-pieces\/composants-du-train-de-roulement\/sprocket-2\/","alt":"","author":"1","description":"","caption":"","name":"sprocket-2","status":"inherit","uploaded_to":514061,"date":"2021-06-08 12:38:27","modified":"2021-06-08 12:38:27","menu_order":0,"mime_type":"image\/png","type":"image","subtype":"png","icon":"https:\/\/wp-test.bigmachinery.nl\/wp\/wp-includes\/images\/media\/default.png","width":1772,"height":1772,"sizes":{"thumbnail":"https:\/\/wp-test.bigmachinery.nl\/app\/uploads\/2021\/06\/Sprocket-150x150.png","thumbnail-width":150,"thumbnail-height":150,"medium":"https:\/\/wp-test.bigmachinery.nl\/app\/uploads\/2021\/06\/Sprocket-300x300.png","medium-width":300,"medium-height":300,"medium_large":"https:\/\/wp-test.bigmachinery.nl\/app\/uploads\/2021\/06\/Sprocket-768x768.png","medium_large-width":768,"medium_large-height":768,"large":"https:\/\/wp-test.bigmachinery.nl\/app\/uploads\/2021\/06\/Sprocket-1024x1024.png","large-width":1024,"large-height":1024,"1536x1536":"https:\/\/wp-test.bigmachinery.nl\/app\/uploads\/2021\/06\/Sprocket-1536x1536.png","1536x1536-width":1536,"1536x1536-height":1536,"2048x2048":"https:\/\/wp-test.bigmachinery.nl\/app\/uploads\/2021\/06\/Sprocket.png","2048x2048-width":1772,"2048x2048-height":1772}},"title":"PIGNONS","text":""},{"image":{"ID":513697,"id":513697,"title":"Rollers","filename":"Rollers.png","filesize":355438,"url":"https:\/\/wp-test.bigmachinery.nl\/app\/uploads\/2021\/06\/Rollers.png","link":"https:\/\/wp-test.bigmachinery.nl\/fr\/big-pieces\/composants-du-train-de-roulement\/rollers-2\/","alt":"","author":"1","description":"","caption":"","name":"rollers-2","status":"inherit","uploaded_to":514061,"date":"2021-06-08 12:38:20","modified":"2021-06-08 12:38:20","menu_order":0,"mime_type":"image\/png","type":"image","subtype":"png","icon":"https:\/\/wp-test.bigmachinery.nl\/wp\/wp-includes\/images\/media\/default.png","width":1772,"height":1772,"sizes":{"thumbnail":"https:\/\/wp-test.bigmachinery.nl\/app\/uploads\/2021\/06\/Rollers-150x150.png","thumbnail-width":150,"thumbnail-height":150,"medium":"https:\/\/wp-test.bigmachinery.nl\/app\/uploads\/2021\/06\/Rollers-300x300.png","medium-width":300,"medium-height":300,"medium_large":"https:\/\/wp-test.bigmachinery.nl\/app\/uploads\/2021\/06\/Rollers-768x768.png","medium_large-width":768,"medium_large-height":768,"large":"https:\/\/wp-test.bigmachinery.nl\/app\/uploads\/2021\/06\/Rollers-1024x1024.png","large-width":1024,"large-height":1024,"1536x1536":"https:\/\/wp-test.bigmachinery.nl\/app\/uploads\/2021\/06\/Rollers-1536x1536.png","1536x1536-width":1536,"1536x1536-height":1536,"2048x2048":"https:\/\/wp-test.bigmachinery.nl\/app\/uploads\/2021\/06\/Rollers.png","2048x2048-width":1772,"2048x2048-height":1772}},"title":"ROULEAUX SUP\u00c9RIEURS ET DE PISTE","text":""},{"image":{"ID":513691,"id":513691,"title":"Idler-mini","filename":"Idler-mini.png","filesize":353699,"url":"https:\/\/wp-test.bigmachinery.nl\/app\/uploads\/2021\/06\/Idler-mini.png","link":"https:\/\/wp-test.bigmachinery.nl\/fr\/big-pieces\/composants-du-train-de-roulement\/idler-mini-2\/","alt":"","author":"1","description":"","caption":"","name":"idler-mini-2","status":"inherit","uploaded_to":514061,"date":"2021-06-08 12:38:15","modified":"2021-06-08 12:38:15","menu_order":0,"mime_type":"image\/png","type":"image","subtype":"png","icon":"https:\/\/wp-test.bigmachinery.nl\/wp\/wp-includes\/images\/media\/default.png","width":1772,"height":1772,"sizes":{"thumbnail":"https:\/\/wp-test.bigmachinery.nl\/app\/uploads\/2021\/06\/Idler-mini-150x150.png","thumbnail-width":150,"thumbnail-height":150,"medium":"https:\/\/wp-test.bigmachinery.nl\/app\/uploads\/2021\/06\/Idler-mini-300x300.png","medium-width":300,"medium-height":300,"medium_large":"https:\/\/wp-test.bigmachinery.nl\/app\/uploads\/2021\/06\/Idler-mini-768x768.png","medium_large-width":768,"medium_large-height":768,"large":"https:\/\/wp-test.bigmachinery.nl\/app\/uploads\/2021\/06\/Idler-mini-1024x1024.png","large-width":1024,"large-height":1024,"1536x1536":"https:\/\/wp-test.bigmachinery.nl\/app\/uploads\/2021\/06\/Idler-mini-1536x1536.png","1536x1536-width":1536,"1536x1536-height":1536,"2048x2048":"https:\/\/wp-test.bigmachinery.nl\/app\/uploads\/2021\/06\/Idler-mini.png","2048x2048-width":1772,"2048x2048-height":1772}},"title":"TENDEURS","text":""},{"image":{"ID":513721,"id":513721,"title":"Track shoe singel","filename":"Track-shoe-singel.png","filesize":381756,"url":"https:\/\/wp-test.bigmachinery.nl\/app\/uploads\/2021\/06\/Track-shoe-singel.png","link":"https:\/\/wp-test.bigmachinery.nl\/fr\/big-pieces\/composants-du-train-de-roulement\/track-shoe-singel-2\/","alt":"","author":"1","description":"","caption":"","name":"track-shoe-singel-2","status":"inherit","uploaded_to":514061,"date":"2021-06-08 12:38:43","modified":"2021-06-08 12:38:43","menu_order":0,"mime_type":"image\/png","type":"image","subtype":"png","icon":"https:\/\/wp-test.bigmachinery.nl\/wp\/wp-includes\/images\/media\/default.png","width":1772,"height":1772,"sizes":{"thumbnail":"https:\/\/wp-test.bigmachinery.nl\/app\/uploads\/2021\/06\/Track-shoe-singel-150x150.png","thumbnail-width":150,"thumbnail-height":150,"medium":"https:\/\/wp-test.bigmachinery.nl\/app\/uploads\/2021\/06\/Track-shoe-singel-300x300.png","medium-width":300,"medium-height":300,"medium_large":"https:\/\/wp-test.bigmachinery.nl\/app\/uploads\/2021\/06\/Track-shoe-singel-768x768.png","medium_large-width":768,"medium_large-height":768,"large":"https:\/\/wp-test.bigmachinery.nl\/app\/uploads\/2021\/06\/Track-shoe-singel-1024x1024.png","large-width":1024,"large-height":1024,"1536x1536":"https:\/\/wp-test.bigmachinery.nl\/app\/uploads\/2021\/06\/Track-shoe-singel-1536x1536.png","1536x1536-width":1536,"1536x1536-height":1536,"2048x2048":"https:\/\/wp-test.bigmachinery.nl\/app\/uploads\/2021\/06\/Track-shoe-singel.png","2048x2048-width":1772,"2048x2048-height":1772}},"title":"PATINS","text":""},{"image":{"ID":513709,"id":513709,"title":"Tension device_","filename":"Tension-device_.png","filesize":305076,"url":"https:\/\/wp-test.bigmachinery.nl\/app\/uploads\/2021\/06\/Tension-device_.png","link":"https:\/\/wp-test.bigmachinery.nl\/fr\/big-pieces\/composants-du-train-de-roulement\/tension-device_-2\/","alt":"","author":"1","description":"","caption":"","name":"tension-device_-2","status":"inherit","uploaded_to":514061,"date":"2021-06-08 12:38:32","modified":"2021-06-08 12:38:32","menu_order":0,"mime_type":"image\/png","type":"image","subtype":"png","icon":"https:\/\/wp-test.bigmachinery.nl\/wp\/wp-includes\/images\/media\/default.png","width":1772,"height":1772,"sizes":{"thumbnail":"https:\/\/wp-test.bigmachinery.nl\/app\/uploads\/2021\/06\/Tension-device_-150x150.png","thumbnail-width":150,"thumbnail-height":150,"medium":"https:\/\/wp-test.bigmachinery.nl\/app\/uploads\/2021\/06\/Tension-device_-300x300.png","medium-width":300,"medium-height":300,"medium_large":"https:\/\/wp-test.bigmachinery.nl\/app\/uploads\/2021\/06\/Tension-device_-768x768.png","medium_large-width":768,"medium_large-height":768,"large":"https:\/\/wp-test.bigmachinery.nl\/app\/uploads\/2021\/06\/Tension-device_-1024x1024.png","large-width":1024,"large-height":1024,"1536x1536":"https:\/\/wp-test.bigmachinery.nl\/app\/uploads\/2021\/06\/Tension-device_-1536x1536.png","1536x1536-width":1536,"1536x1536-height":1536,"2048x2048":"https:\/\/wp-test.bigmachinery.nl\/app\/uploads\/2021\/06\/Tension-device_.png","2048x2048-width":1772,"2048x2048-height":1772}},"title":"DISPOSITIFS DE TENSION","text":""}]},{"acf_fc_layout":"form","title":"Formulaire de demande Composants du train de roulement","form":"4"}]},"_links":{"self":[{"href":"https:\/\/wp-test.bigmachinery.nl\/fr\/wp-json\/wp\/v2\/pages\/514061"}],"collection":[{"href":"https:\/\/wp-test.bigmachinery.nl\/fr\/wp-json\/wp\/v2\/pages"}],"about":[{"href":"https:\/\/wp-test.bigmachinery.nl\/fr\/wp-json\/wp\/v2\/types\/page"}],"author":[{"embeddable":true,"href":"https:\/\/wp-test.bigmachinery.nl\/fr\/wp-json\/wp\/v2\/users\/1"}],"replies":[{"embeddable":true,"href":"https:\/\/wp-test.bigmachinery.nl\/fr\/wp-json\/wp\/v2\/comments?post=514061"}],"version-history":[{"count":4,"href":"https:\/\/wp-test.bigmachinery.nl\/fr\/wp-json\/wp\/v2\/pages\/514061\/revisions"}],"predecessor-version":[{"id":514270,"href":"https:\/\/wp-test.bigmachinery.nl\/fr\/wp-json\/wp\/v2\/pages\/514061\/revisions\/514270"}],"up":[{"embeddable":true,"href":"https:\/\/wp-test.bigmachinery.nl\/fr\/wp-json\/wp\/v2\/pages\/514046"}],"wp:featuredmedia":[{"embeddable":true,"href":"https:\/\/wp-test.bigmachinery.nl\/fr\/wp-json\/wp\/v2\/media\/513679"}],"wp:attachment":[{"href":"https:\/\/wp-test.bigmachinery.nl\/fr\/wp-json\/wp\/v2\/media?parent=514061"}],"curies":[{"name":"wp","href":"https:\/\/api.w.org\/{rel}","templated":true}]}}