{"id":514051,"date":"2021-05-27T13:58:03","date_gmt":"2021-05-27T11:58:03","guid":{"rendered":"https:\/\/wp-test.bigmachinery.nl\/parts\/filter-packages\/"},"modified":"2021-11-19T11:54:34","modified_gmt":"2021-11-19T10:54:34","slug":"ensembles-de-filtres","status":"publish","type":"page","link":"https:\/\/wp-test.bigmachinery.nl\/fr\/big-pieces\/ensembles-de-filtres\/","title":{"rendered":"Ensembles de filtres"},"content":{"rendered":"","protected":false},"excerpt":{"rendered":"","protected":false},"author":1,"featured_media":513674,"parent":514046,"menu_order":0,"comment_status":"closed","ping_status":"closed","template":"","meta":[],"acf":{"page_content":[{"acf_fc_layout":"two_columns","background_color":"white","intro":"<p>BIG Machinery est en mesure de fournir des ensembles de filtres Caterpillar d&rsquo;origine pour votre \u00e9quipement. Nous proposons tous les types de filtres Caterpillar, y compris les filtres \u00e0 air, les filtres \u00e0 carburant, les filtres \u00e0 huile, les s\u00e9parateurs eau-carburant ou les filtres de transmission hydrauliques.<\/p>\n","columns":{"column_left":"<p><img decoding=\"async\" loading=\"lazy\" width=\"1024\" height=\"684\" class=\"alignnone wp-image-473932 size-large\" src=\"https:\/\/wp-test.bigmachinery.nl\/app\/uploads\/2021\/05\/2-Filter-packages-1024x684.jpeg\" alt=\"\" srcset=\"https:\/\/wp-test.bigmachinery.nl\/app\/uploads\/2021\/05\/2-Filter-packages-1024x684.jpeg 1024w, https:\/\/wp-test.bigmachinery.nl\/app\/uploads\/2021\/05\/2-Filter-packages-300x200.jpeg 300w, https:\/\/wp-test.bigmachinery.nl\/app\/uploads\/2021\/05\/2-Filter-packages-768x513.jpeg 768w, https:\/\/wp-test.bigmachinery.nl\/app\/uploads\/2021\/05\/2-Filter-packages-1536x1025.jpeg 1536w, https:\/\/wp-test.bigmachinery.nl\/app\/uploads\/2021\/05\/2-Filter-packages-2048x1367.jpeg 2048w\" sizes=\"(max-width: 1024px) 100vw, 1024px\" \/><\/p>\n","column_right":"<p class=\"p1\"><strong>Les avantages de l&rsquo;utilisation des filtres CAT officiels sont les suivants :<\/strong><\/p>\n<ul>\n<li>Perles acryliques pour \u00e9viter le plissage<\/li>\n<li>M\u00e8che en spirale pour une plus grande stabilit\u00e9 des plis<\/li>\n<li>Un tube central en nylon pour \u00e9viter la contamination par le m\u00e9tal<\/li>\n<li>Embouts moul\u00e9s pour \u00e9viter les fuites<\/li>\n<\/ul>\n<p>Nous sommes \u00e9galement en mesure de vous fournir des ensembles de filtres d&rsquo;autres marques pour vos machines Caterpillar comme CTP et autres.<\/p>\n"}},{"acf_fc_layout":"form","title":"Pi\u00e8ces et ensembles de filtres","form":"3"}]},"_links":{"self":[{"href":"https:\/\/wp-test.bigmachinery.nl\/fr\/wp-json\/wp\/v2\/pages\/514051"}],"collection":[{"href":"https:\/\/wp-test.bigmachinery.nl\/fr\/wp-json\/wp\/v2\/pages"}],"about":[{"href":"https:\/\/wp-test.bigmachinery.nl\/fr\/wp-json\/wp\/v2\/types\/page"}],"author":[{"embeddable":true,"href":"https:\/\/wp-test.bigmachinery.nl\/fr\/wp-json\/wp\/v2\/users\/1"}],"replies":[{"embeddable":true,"href":"https:\/\/wp-test.bigmachinery.nl\/fr\/wp-json\/wp\/v2\/comments?post=514051"}],"version-history":[{"count":3,"href":"https:\/\/wp-test.bigmachinery.nl\/fr\/wp-json\/wp\/v2\/pages\/514051\/revisions"}],"predecessor-version":[{"id":514252,"href":"https:\/\/wp-test.bigmachinery.nl\/fr\/wp-json\/wp\/v2\/pages\/514051\/revisions\/514252"}],"up":[{"embeddable":true,"href":"https:\/\/wp-test.bigmachinery.nl\/fr\/wp-json\/wp\/v2\/pages\/514046"}],"wp:featuredmedia":[{"embeddable":true,"href":"https:\/\/wp-test.bigmachinery.nl\/fr\/wp-json\/wp\/v2\/media\/513674"}],"wp:attachment":[{"href":"https:\/\/wp-test.bigmachinery.nl\/fr\/wp-json\/wp\/v2\/media?parent=514051"}],"curies":[{"name":"wp","href":"https:\/\/api.w.org\/{rel}","templated":true}]}}