{"id":514097,"date":"2021-03-29T09:50:59","date_gmt":"2021-03-29T07:50:59","guid":{"rendered":"https:\/\/wp-test.bigmachinery.nl\/services\/"},"modified":"2021-11-22T17:20:21","modified_gmt":"2021-11-22T16:20:21","slug":"servicios","status":"publish","type":"page","link":"https:\/\/wp-test.bigmachinery.nl\/es\/servicios\/","title":{"rendered":"Servicios"},"content":{"rendered":"","protected":false},"excerpt":{"rendered":"","protected":false},"author":1,"featured_media":0,"parent":0,"menu_order":0,"comment_status":"closed","ping_status":"closed","template":"","meta":[],"acf":{"page_content":[{"acf_fc_layout":"two_columns","background_color":"white","intro":"<p>BIG Machinery es su proveedor de maquinaria nueva y usada y socio de servicio.<\/p>\n","columns":{"column_left":"<p><img decoding=\"async\" loading=\"lazy\" class=\"alignnone size-large wp-image-473990\" src=\"https:\/\/wp-test.bigmachinery.nl\/app\/uploads\/2021\/06\/S6-EMO-liebherr-1024x768.jpeg\" alt=\"\" width=\"1024\" height=\"768\" srcset=\"https:\/\/wp-test.bigmachinery.nl\/app\/uploads\/2021\/06\/S6-EMO-liebherr-1024x768.jpeg 1024w, https:\/\/wp-test.bigmachinery.nl\/app\/uploads\/2021\/06\/S6-EMO-liebherr-300x225.jpeg 300w, https:\/\/wp-test.bigmachinery.nl\/app\/uploads\/2021\/06\/S6-EMO-liebherr-768x576.jpeg 768w, https:\/\/wp-test.bigmachinery.nl\/app\/uploads\/2021\/06\/S6-EMO-liebherr-1536x1152.jpeg 1536w, https:\/\/wp-test.bigmachinery.nl\/app\/uploads\/2021\/06\/S6-EMO-liebherr-2048x1536.jpeg 2048w\" sizes=\"(max-width: 1024px) 100vw, 1024px\" \/><\/p>\n","column_right":"<p>Cuando compre una m\u00e1quina, cami\u00f3n o equipo nuevo o usado de BIG Machinery, contar\u00e1 con todo nuestro apoyo en el estado general de la misma. Te ofrecemos asesor\u00eda, servicio r\u00e1pido, el mejor precio del mercado y podemos manejar el transporte completo hasta el puerto de destino. A continuaci\u00f3n encontrar\u00e1 m\u00e1s informaci\u00f3n sobre nuestra empresa.<\/p>\n<p>Si algo a\u00fan no est\u00e1 claro, siempre puede contactarnos por tel\u00e9fono o correo electr\u00f3nico y estaremos encantados de ayudarle con cualquier otra pregunta.<\/p>\n"}},{"acf_fc_layout":"page_blocks","page_blocks":[{"page":{"ID":514107,"post_author":"1","post_date":"2021-06-11 14:15:37","post_date_gmt":"2021-06-11 12:15:37","post_content":"","post_title":"Nuestro equipo","post_excerpt":"","post_status":"publish","comment_status":"closed","ping_status":"closed","post_password":"","post_name":"nuestro-equipo","to_ping":"","pinged":"","post_modified":"2021-11-23 12:09:44","post_modified_gmt":"2021-11-23 11:09:44","post_content_filtered":"","post_parent":514097,"guid":"https:\/\/wp-test.bigmachinery.nl\/services\/our-team\/","menu_order":0,"post_type":"page","post_mime_type":"","comment_count":"0","filter":"raw"},"name":""},{"page":{"ID":514122,"post_author":"1","post_date":"2021-06-11 14:19:31","post_date_gmt":"2021-06-11 12:19:31","post_content":"<!-- wp:paragraph -->\n<p>BIG Machinery cuenta con experiencia en env\u00edos Roll-on\/Roll-off (RORO) y en contenedores a nivel mundial. Al utilizar nuestra propia flota de transporte, somos capaces de transportar la maquinaria vendida al puerto solicitado para el env\u00edo internacional u otros destinos terrestres.<\/p>\n<!-- \/wp:paragraph -->\n\n<!-- wp:paragraph -->\n<p>Nuestro objetivo es ser su proveedor y socio de equipos nuevos y usados en soluciones de env\u00edo durante los pr\u00f3ximos a\u00f1os. Mientras nosotros gestionamos el transporte de la maquinaria que ha comprado, usted puede centrarse en su negocio. Y lo hacemos de forma r\u00e1pida y rentable.<\/p>\n<!-- \/wp:paragraph -->","post_title":"Transporte y env\u00edos","post_excerpt":"","post_status":"publish","comment_status":"closed","ping_status":"closed","post_password":"","post_name":"transporte-y-envios","to_ping":"","pinged":"","post_modified":"2021-11-23 12:48:27","post_modified_gmt":"2021-11-23 11:48:27","post_content_filtered":"","post_parent":514097,"guid":"https:\/\/wp-test.bigmachinery.nl\/services\/transport-and-shipping\/","menu_order":0,"post_type":"page","post_mime_type":"","comment_count":"0","filter":"raw"},"name":""},{"page":{"ID":514127,"post_author":"1","post_date":"2021-06-11 14:20:46","post_date_gmt":"2021-06-11 12:20:46","post_content":"<!-- wp:paragraph -->\n<p>\u00bfInspecci\u00f3n t\u00e9cnica, inspecci\u00f3n hidr\u00e1ulica, inspecci\u00f3n del bastidor, pintura y recambios de la maquinaria requerida? Todo esto y m\u00e1s es posible en nuestro gran taller. Nuestros experimentados mec\u00e1nicos cuentan con una gran formaci\u00f3n y trabajan a diario en los equipos usados para mantener la calidad y durabilidad.<\/p>\n<!-- \/wp:paragraph -->\n\n<!-- wp:paragraph -->\n<p>Cuando compra maquinaria, m\u00e1quinas o camiones en BIG Machinery, siempre puede hacer uso de las ofertas de servicios competitivas de nuestro taller.<\/p>\n<!-- \/wp:paragraph -->","post_title":"Taller","post_excerpt":"","post_status":"publish","comment_status":"closed","ping_status":"closed","post_password":"","post_name":"taller","to_ping":"","pinged":"","post_modified":"2021-11-23 13:45:55","post_modified_gmt":"2021-11-23 12:45:55","post_content_filtered":"","post_parent":514097,"guid":"https:\/\/wp-test.bigmachinery.nl\/services\/workshop\/","menu_order":0,"post_type":"page","post_mime_type":"","comment_count":"0","filter":"raw"},"name":""},{"page":{"ID":514112,"post_author":"1","post_date":"2021-06-11 14:26:46","post_date_gmt":"2021-06-11 12:26:46","post_content":"<!-- wp:paragraph -->\n<p>BIG Machinery puede suministrarle nuevas piezas de repuesto, paquetes de filtros, neum\u00e1ticos y componentes del chasis para su equipo.<br>Le ofrecemos piezas y componentes originales y del mercado de recambios para m\u00e1quinas Caterpillar. Tambi\u00e9n contamos con piezas y componentes del mercado de recambios para m\u00e1quinas Caterpillar.<\/p>\n<!-- \/wp:paragraph -->\n\n<!-- wp:paragraph -->\n<p>Los componentes del tren de rodaje de la marca Vematrack est\u00e1n disponibles para todas las marcas de equipos pesados conocidas en el mercado Europeo.<\/p>\n<!-- \/wp:paragraph -->","post_title":"Recambios","post_excerpt":"","post_status":"publish","comment_status":"closed","ping_status":"closed","post_password":"","post_name":"recambios","to_ping":"","pinged":"","post_modified":"2021-11-23 13:50:28","post_modified_gmt":"2021-11-23 12:50:28","post_content_filtered":"","post_parent":514097,"guid":"https:\/\/wp-test.bigmachinery.nl\/services\/parts\/","menu_order":0,"post_type":"page","post_mime_type":"","comment_count":"0","filter":"raw"},"name":""},{"page":{"ID":514117,"post_author":"1","post_date":"2021-06-11 14:27:37","post_date_gmt":"2021-06-11 12:27:37","post_content":"<!-- wp:paragraph -->\n<p><strong>Transferencia bancaria<br><\/strong>Puede realizar pagos a trav\u00e9s de transferencias bancarias en euro y d\u00f3lares.<\/p>\n<!-- \/wp:paragraph -->\n\n<!-- wp:paragraph -->\n<p><em>Mencione la factura proforma, n\u00famero de factura original<br><\/em>Para procesar el pago tan pronto como sea posible, siempre solicitamos que mencione el n\u00famero de referencia de la maquinaria o veh\u00edculo.<\/p>\n<!-- \/wp:paragraph -->\n\n<!-- wp:paragraph -->\n<p><strong>Pagos en efectivo<br><\/strong>Aceptamos pagos en efectivo en euros Por su propia seguridad, le recomendamos que realice sus pagos a trav\u00e9s del banco.<br>Puede realizar sus pagos en efectivo de lunes a viernes, de 08:30 h a 17:00 h.<\/p>\n<!-- \/wp:paragraph -->\n\n<!-- wp:paragraph -->\n<p>\u00bfViaja con efectivo? \u00a1Preste atenci\u00f3n!<br>\u00a1El n\u00famero de incidentes relacionados con el fraude por parte de polic\u00edas falsos y funcionarios de aduanas falsos ha aumentado significativamente! Tambi\u00e9n cerca de nuestras oficinas.<\/p>\n<!-- \/wp:paragraph -->\n\n<!-- wp:paragraph -->\n<p>Si no est\u00e1 seguro, siempre solicite:<br>\u2981 prueba de identidad.<br>\u2981 para completar el acuerdo en la comisar\u00eda de polic\u00eda o en aduanas.<\/p>\n<!-- \/wp:paragraph -->\n\n<!-- wp:paragraph -->\n<p><strong>Tarjeta de cr\u00e9dito y\/o retire el dinero<br><\/strong>BIG Machinery le ofrece la posibilidad de pagar en nuestra oficina con su tarjeta de cr\u00e9dito y c\u00f3digo de seguridad. De esta forma no tiene que viajar con mucho efectivo y puede completar el dep\u00f3sito o pago de forma sencilla y r\u00e1pida mediante tarjeta de cr\u00e9dito y PIN.<\/p>\n<!-- \/wp:paragraph -->\n\n<!-- wp:paragraph -->\n<p><strong>Carta de cr\u00e9dito<br><\/strong>Puede pagar utilizando una carta de cr\u00e9dito (C\/C). Pregunte a nuestro equipo de ventas acerca de dicha posibilidad.<\/p>\n<!-- \/wp:paragraph -->\n\n<!-- wp:paragraph -->\n<p><strong>Detalles bancarios de BIG Machinery y BIG Trucks<br><\/strong>BIG Machinery B.V.<br>N.\u00ba de IVA: : NL.8126.16.583.B.01<br>N\u00famero de c\u00e1mara de comercio : 11057540<br>C\u00f3digo Swift : RABONL2U<br>N\u00famero IBAN : NL 62 RABO 0311 5122 08<\/p>\n<!-- \/wp:paragraph -->\n\n<!-- wp:paragraph -->\n<p>BIG Trucks B.V.<br>N.\u00ba de IVA : NL..8134.72.222.B.01<br>N\u00famero de C.o.c. : 24367007<br>C\u00f3digo Swift : RABONL2U<br>N\u00famero IBAN : NL 12 RABO 0351 6481 19<\/p>\n<!-- \/wp:paragraph -->\n\n<!-- wp:paragraph -->\n<p>\u2003<br><strong>Por favor mencione el n\u00famero de referencia en la factura proforma \/ original.<br><\/strong>Para procesar el pago tan pronto como sea posible, siempre solicitamos que mencione el n\u00famero de la factura proforma u original, y el n\u00famero de referencia de la maquinaria o veh\u00edculo en cualquier transacci\u00f3n.<\/p>\n<!-- \/wp:paragraph -->\n\n<!-- wp:paragraph -->\n<p><strong>\u00a1Atenci\u00f3n! Evite el fraude en Internet.<br><\/strong>Siempre compruebe nuestro n\u00famero de cuenta bancaria en nuestro sitio web antes de transferir los fondos. Nunca le pediremos que complete el pago a un n\u00famero de cuenta bancaria diferente al n\u00famero de cuenta bancaria que se menciona en nuestro sitio web.<br>Si alguien le pide que transfiera dinero a un n\u00famero de cuenta bancaria diferente, ll\u00e1menos siempre antes de transferir el dinero.<\/p>\n<!-- \/wp:paragraph -->","post_title":"Pagos","post_excerpt":"","post_status":"publish","comment_status":"closed","ping_status":"closed","post_password":"","post_name":"pagos","to_ping":"","pinged":"","post_modified":"2021-11-23 14:07:01","post_modified_gmt":"2021-11-23 13:07:01","post_content_filtered":"","post_parent":514097,"guid":"https:\/\/wp-test.bigmachinery.nl\/services\/payments\/","menu_order":0,"post_type":"page","post_mime_type":"","comment_count":"0","filter":"raw"},"name":""},{"page":{"ID":514102,"post_author":"1","post_date":"2021-06-11 14:28:29","post_date_gmt":"2021-06-11 12:28:29","post_content":"<!-- wp:paragraph -->\n<p><strong>Condiciones de venta generales<\/strong><br>BIG Machinery est\u00e1 feliz de que est\u00e9 considerando hacer negocios con nosotros. Para que nuestro negocio sea lo m\u00e1s transparente posible, hemos descrito nuestra forma de trabajar en nuestros t\u00e9rminos y condiciones generales; para que sepa exactamente lo que puede esperar de nosotros y viceversa. Puede encontrar un resumen, as\u00ed como el documento completo aqu\u00ed:<\/p>\n<!-- \/wp:paragraph -->\n\n<!-- wp:buttons -->\n<div class=\"wp-block-buttons\"><!-- wp:button -->\n<div class=\"wp-block-button\"><a class=\"wp-block-button__link\" href=\"https:\/\/wp-test.bigmachinery.nl\/es\/terminos-y-condiciones-generales-de-big-machinery-b-v\/\">T\u00c9RMINOS Y CONDICIONES GENERALES DE BIG MACHINERY B.V.<\/a><\/div>\n<!-- \/wp:button --><\/div>\n<!-- \/wp:buttons -->\n\n<!-- wp:paragraph -->\n<p><strong>Garant\u00eda<\/strong><br>BIG Machinery no ofrece ninguna garant\u00eda sobre la maquinaria usada a menos que se especifique lo contrario. La \u00fanica garant\u00eda que se puede considerar aplicable podr\u00eda ser la garant\u00eda del fabricante emitida por el fabricante.<\/p>\n<!-- \/wp:paragraph -->","post_title":"Condiciones de venta generales y Garant\u00eda","post_excerpt":"","post_status":"publish","comment_status":"closed","ping_status":"closed","post_password":"","post_name":"condiciones-de-venta-generales-y-garantia","to_ping":"","pinged":"","post_modified":"2021-11-26 13:25:53","post_modified_gmt":"2021-11-26 12:25:53","post_content_filtered":"","post_parent":514097,"guid":"https:\/\/wp-test.bigmachinery.nl\/services\/general-sales-and-warranty\/","menu_order":0,"post_type":"page","post_mime_type":"","comment_count":"0","filter":"raw"},"name":""}]}]},"_links":{"self":[{"href":"https:\/\/wp-test.bigmachinery.nl\/es\/wp-json\/wp\/v2\/pages\/514097"}],"collection":[{"href":"https:\/\/wp-test.bigmachinery.nl\/es\/wp-json\/wp\/v2\/pages"}],"about":[{"href":"https:\/\/wp-test.bigmachinery.nl\/es\/wp-json\/wp\/v2\/types\/page"}],"author":[{"embeddable":true,"href":"https:\/\/wp-test.bigmachinery.nl\/es\/wp-json\/wp\/v2\/users\/1"}],"replies":[{"embeddable":true,"href":"https:\/\/wp-test.bigmachinery.nl\/es\/wp-json\/wp\/v2\/comments?post=514097"}],"version-history":[{"count":2,"href":"https:\/\/wp-test.bigmachinery.nl\/es\/wp-json\/wp\/v2\/pages\/514097\/revisions"}],"predecessor-version":[{"id":514328,"href":"https:\/\/wp-test.bigmachinery.nl\/es\/wp-json\/wp\/v2\/pages\/514097\/revisions\/514328"}],"wp:attachment":[{"href":"https:\/\/wp-test.bigmachinery.nl\/es\/wp-json\/wp\/v2\/media?parent=514097"}],"curies":[{"name":"wp","href":"https:\/\/api.w.org\/{rel}","templated":true}]}}