{"id":514087,"date":"2018-05-28T16:45:46","date_gmt":"2018-05-28T14:45:46","guid":{"rendered":"https:\/\/wp-test.bigmachinery.nl\/privacy\/"},"modified":"2021-11-23T17:31:28","modified_gmt":"2021-11-23T16:31:28","slug":"declaracion-de-privacidad","status":"publish","type":"page","link":"https:\/\/wp-test.bigmachinery.nl\/es\/declaracion-de-privacidad\/","title":{"rendered":"Declaraci\u00f3n de privacidad"},"content":{"rendered":"<p>En esta declaraci\u00f3n de privacidad, leer\u00e1 todo lo que hay que saber sobre la forma en que recopilamos sus datos personales y c\u00f3mo se procesan. Le explicaremos d\u00f3nde se almacenan sus datos personales y con qu\u00e9 fines los almacenamos. Adem\u00e1s, encontrar\u00e1 informaci\u00f3n sobre sus derechos con respecto al tratamiento de sus datos y c\u00f3mo puede conservar estos. En ocasiones, la declaraci\u00f3n de privacidad se ajustar\u00e1, por ejemplo, a cambios en la legislaci\u00f3n. Por lo tanto, se recomienda consultar peri\u00f3dicamente esta declaraci\u00f3n de privacidad.<\/p>\n<h3><strong>BIG Machinery B.V.<\/strong><\/h3>\n<p>Est\u00e1 leyendo la declaraci\u00f3n de privacidad de BIG Machinery B.V. BIG Machinery B.V. es una empresa comercial internacional de maquinaria pesada, camiones y otros negocios. Hay situaciones en las que BIG Machinery B.V recopila sus datos personales. Por lo tanto, es conveniente que conozca c\u00f3mo se tratan y c\u00f3mo puede expresar sus deseos personales a la hora de gestionar sus datos. De eso se trata esta declaraci\u00f3n. Si no est\u00e1 de acuerdo con la forma en que BIG Machinery B.V. gestiona sus datos, \u00a1p\u00f3ngase en contacto con nosotros!<\/p>\n<p>Info@BIGMachinery.nl | +31 (0)418 674 545<br \/>\nSchiemerik 1 | 5334 NL | Velddriel<\/p>\n<h3><strong>Finalidad de los datos<\/strong><\/h3>\n<p>BIG Machinery almacena los datos para varios prop\u00f3sitos, que se explican a continuaci\u00f3n.<\/p>\n<ol>\n<li>La distribuci\u00f3n de boletines informativos;<br \/>\nBIG Machinery B.V. utiliza el correo electr\u00f3nico para enviar boletines informativos. Estos boletines informativos se utilizan principalmente para dar a conocer la variedad de productos a aquellos que est\u00e9n interesados. Su nombre y direcci\u00f3n de correo electr\u00f3nico se recopilan a trav\u00e9s del formulario designado en el sitio web de BIG Machinery B.V.<\/li>\n<li>Contacte con nosotros;<br \/>\nSus datos ser\u00e1n recopilados en el momento en que se ponga en contacto con BIG Machinery B.V. a trav\u00e9s de nuestro sitio web. En el formulario de contacto, sin embargo, solo solicitaremos los detalles que nos permitan hacer propuestas u ofrecer servicios, solicitando su nombre, nombre empresa, direcci\u00f3n de correo electr\u00f3nico, n\u00famero de tel\u00e9fono y descripci\u00f3n del proyecto.<\/li>\n<li>De an\u00e1lisis;<br \/>\nEl sitio web de BIG Machinery B.V. recopila sus datos para mejorar el sitio web. Esto se hace a trav\u00e9s de Google Analytics. Estos datos an\u00f3nimos est\u00e1n en esa cuenta, no vinculados a sus datos personales. Los datos recopilados se refieren, por ejemplo, a la cantidad de tiempo que pasa en un sitio web o las p\u00e1ginas espec\u00edficas que visita con frecuencia. Todos los datos solo se procesan con su consentimiento expl\u00edcito para ejecutar acuerdos, o porque son necesarios para ponerle en contacto con posibles relaciones o clientes.<\/li>\n<\/ol>\n<h3><strong>Recopiladores de datos<\/strong><\/h3>\n<p>Los datos recopilados y procesados por BIG Machinery B.V. son administrados por:<\/p>\n<ol>\n<li>Mailchimp<br \/>\nLos boletines informativos se env\u00edan a trav\u00e9s de Mailchimp. Una vez que solicita nuestro bolet\u00edn informativo, su direcci\u00f3n de correo electr\u00f3nico y su nombre se almacenan autom\u00e1ticamente en la lista designada dentro de Mailchimp.<\/li>\n<li>MKB Online Services<br \/>\nEl correo electr\u00f3nico de BIG Machinery B.V. est\u00e1 alojado en MKB Online Services. Cuando se comunica con nosotros utilizando los formularios o por correo electr\u00f3nico, estos correos electr\u00f3nicos se almacenan en los servidores de MKB Online Services.<\/li>\n<li>Combell<br \/>\nEl sitio web y las copias de seguridad del sitio web est\u00e1n alojados por Combell. Los datos que introduce en el sitio web de BIG Machinery B.V. se almacenan en los servidores de Combell.<\/li>\n<\/ol>\n<h3><strong>Duraci\u00f3n del almacenamiento de datos<\/strong><\/h3>\n<p>BIG Machinery B.V. almacena sus datos durante un per\u00edodo determinado, pero nunca m\u00e1s de lo necesario para ejecutar las actividades, a menos que estemos obligados por ley a almacenar sus datos durante un per\u00edodo de tiempo m\u00e1s largo.<\/p>\n<ol>\n<li>Distribuci\u00f3n de folletos informativos<br \/>\nSu direcci\u00f3n de correo electr\u00f3nico y su nombre los almacena Mailchimp. Estos datos se almacenan por un per\u00edodo de tiempo indefinido. Puede darse de baja del bolet\u00edn informativo cuando lo desee haciendo clic en el enlace que se encuentra en la parte inferior de los boletines informativos o enviando un correo electr\u00f3nico a info@BIGMachinery.nl.<\/li>\n<li>Contacte con nosotros<br \/>\nDesde el momento en que se pone en contacto con BIG Machinery B.V. por correo electr\u00f3nico, recopilaremos los detalles que nos proporcione, como su nombre, nombre de la empresa y direcci\u00f3n de correo electr\u00f3nico, y los almacenaremos en nuestro servidor de correo. Estos correos electr\u00f3nicos se almacenan por un per\u00edodo m\u00e1ximo de dos a\u00f1os.<\/li>\n<li>An\u00e1lisis<br \/>\nLos datos recopilados por Analytics en nuestro sitio web son an\u00f3nimos y, por lo tanto, no est\u00e1n vinculados a su nombre, empresa o direcci\u00f3n de correo electr\u00f3nico. Estos datos los almacena Google Analytics por un per\u00edodo de tiempo indefinido.<\/li>\n<\/ol>\n<h3><strong>Seguridad<\/strong><\/h3>\n<p>No se realizan copias f\u00edsicas de sus datos personales. Sus datos solo ser\u00e1n gestionados por las empresas de sistemas y software mencionadas anteriormente. Los datos personales gestionados por BIG Machinery B.V. o por los terceros mencionados anteriormente solo son accesibles mediante el uso del software mencionado anteriormente, y est\u00e1n protegidos con una contrase\u00f1a y, si es posible, mediante una verificaci\u00f3n de dos pasos. Al utilizar esta verificaci\u00f3n de dos pasos, el software genera y env\u00eda un c\u00f3digo a BIG Machinery B.V. Este c\u00f3digo luego se utiliza para iniciar sesi\u00f3n.<\/p>\n<p>Los dispositivos que tienen acceso a sus datos est\u00e1n bloqueados mediante contrase\u00f1as y\/o huellas dactilares. El n\u00famero de dispositivos que tienen acceso a sus datos se limita a la cantidad m\u00ednima de equipos necesarios.<\/p>\n<p>Adem\u00e1s, su sitio web est\u00e1 protegido por un certificado SSL. Esto significa que su conexi\u00f3n con el sitio web de BIG Machinery es privada. Puede reconocer este dispositivo de seguridad por el peque\u00f1o candado verde antes de la URL. Adem\u00e1s, el dominio de BIG Machinery B.V. est\u00e1 firmado con DNSSEC. Este es un dispositivo adicional para asegurar que la &#8220;infraestructura&#8221; del sitio web sea m\u00e1s segura y fiable.<\/p>\n<h3><strong>Derechos<\/strong><\/h3>\n<ol>\n<li>Derecho de inspecci\u00f3n<br \/>\nEn todo momento, usted tiene el derecho a solicitar la lectura de sus datos personales que recopila y almacena BIG Machinery B.V. Puede hacerlo enviando un correo electr\u00f3nico o poni\u00e9ndose en contacto con BIG Machinery Inc. por tel\u00e9fono. Recibir\u00e1 entonces una descripci\u00f3n general de sus datos.<\/li>\n<li>Derecho de rectificaci\u00f3n<br \/>\n\u00bfSus datos contienen errores? \u00bfHan cambiado sus datos? Tiene derecho a que BIG Machinery B.V los rectifique. Puede cambiar sus datos relacionados con el bolet\u00edn informativo utilizando la URL espec\u00edfica que puede encontrar en la parte inferior de cada correo electr\u00f3nico.<\/li>\n<li>Derecho de transferencia<br \/>\nEn caso de que se mude a otra parte o servicio, y necesite que los datos que est\u00e1n almacenados en BIG Machinery Inc. se transfieran, tiene derecho a la transferencia de datos. BIG Machinery est\u00e1 obligada a transferir todos sus datos a la otra parte.<\/li>\n<li>Derecho a eliminar datos<br \/>\nSi ya no desea que sus datos se almacenen en BIG Machinery B.V., tiene el derecho a eliminar todos sus datos personales.<\/li>\n<li>Derecho a presentar una reclamaci\u00f3n<br \/>\nTiene derecho a presentar una reclamaci\u00f3n ante la Autoridad de Patos personales (en holand\u00e9s: &#8220;Autoriteit Persoonsgegevens&#8221;) si cree que BIG Machinery B.V. no est\u00e1 gestionando sus datos personales de la manera correcta. Puede hacerlo utilizando el sitio web de la Autoridad de datos personales.<\/li>\n<li>Derecho a detener el uso de datos (reclamaci\u00f3n)<br \/>\nEn caso de que no desee que BIG Machinery B.V. use sus datos personales, tiene derecho a cesar todo uso de sus datos personales. Puede ejecutar este derecho enviando un correo electr\u00f3nico a info@BIGMachinery.nl, adjuntando una copia de su identificaci\u00f3n, en la cual una fotograf\u00eda, el n\u00famero de identificaci\u00f3n y su n\u00famero de identificaci\u00f3n personal (para los ciudadanos holandeses, el n\u00famero BSN) sean invisibles. Nos esforzamos por responder a su solicitud en el transcurso de una semana.<\/li>\n<\/ol>\n<h3><strong>Obligaciones<\/strong><\/h3>\n<p>BIG Machinery B.V. gestiona los datos personales sobre la base de un inter\u00e9s leg\u00edtimo, es decir, un inter\u00e9s comercial. Esto significa el env\u00edo informaci\u00f3n de servicios y productos de BIG Machinery B.V. a trav\u00e9s del correo electr\u00f3nico. Sus datos nunca se vender\u00e1n a terceros.<\/p>\n<p>Los datos que est\u00e1 obligado a suministrar contienen la cantidad m\u00ednima de datos necesaria para vender servicios y productos. Su direcci\u00f3n de correo electr\u00f3nico, por ejemplo, es necesaria para que podamos enviarle nuestro bolet\u00edn informativo. Si estos detalles no se proporcionan, es imposible que BIG Machinery B.V. ejecute los servicios espec\u00edficos.<\/p>\n<p>En caso de que sea necesario compartir los datos que proporcion\u00f3 a BIG Machinery B.V. con otras partes distintas a las mencionadas anteriormente (por ejemplo, para la prestaci\u00f3n de servicios), primero le pediremos expl\u00edcitamente su consentimiento.<\/p>\n<p>BIG Machinery BV mantiene el derecho de divulgar datos cuando estemos legalmente obligados a hacerlo, o cuando BIG Machinery lo considere leg\u00edtimo para cumplir con una solicitud\/proceso judicial, o para proteger los derechos, la propiedad o la seguridad de BIG Machinery. BV. Siempre nos esforzaremos por respetar su derecho a la privacidad en la mayor medida posible.<\/p>\n<p>\u00bfTienes alguna otra pregunta? No dude en ponerse en contacto con nosotros a trav\u00e9s de los siguientes datos de contacto.<\/p>\n<p>info@BIGMachinery.nl<br \/>\nSchiemerik 1 | 5334 NL | Velddriel<br \/>\nTel. +31 (0) 418 674545<\/p>\n","protected":false},"excerpt":{"rendered":"<p>En esta declaraci\u00f3n de privacidad, leer\u00e1 todo lo que hay que saber sobre la forma en que recopilamos sus datos personales y c\u00f3mo se procesan. Le explicaremos d\u00f3nde se almacenan sus datos personales y con qu\u00e9 fines los almacenamos. Adem\u00e1s, encontrar\u00e1 informaci\u00f3n sobre sus derechos con respecto al tratamiento de sus datos y c\u00f3mo puede [&hellip;]<\/p>\n","protected":false},"author":1,"featured_media":0,"parent":0,"menu_order":0,"comment_status":"closed","ping_status":"closed","template":"","meta":[],"acf":{"page_content":false},"_links":{"self":[{"href":"https:\/\/wp-test.bigmachinery.nl\/es\/wp-json\/wp\/v2\/pages\/514087"}],"collection":[{"href":"https:\/\/wp-test.bigmachinery.nl\/es\/wp-json\/wp\/v2\/pages"}],"about":[{"href":"https:\/\/wp-test.bigmachinery.nl\/es\/wp-json\/wp\/v2\/types\/page"}],"author":[{"embeddable":true,"href":"https:\/\/wp-test.bigmachinery.nl\/es\/wp-json\/wp\/v2\/users\/1"}],"replies":[{"embeddable":true,"href":"https:\/\/wp-test.bigmachinery.nl\/es\/wp-json\/wp\/v2\/comments?post=514087"}],"version-history":[{"count":1,"href":"https:\/\/wp-test.bigmachinery.nl\/es\/wp-json\/wp\/v2\/pages\/514087\/revisions"}],"predecessor-version":[{"id":514411,"href":"https:\/\/wp-test.bigmachinery.nl\/es\/wp-json\/wp\/v2\/pages\/514087\/revisions\/514411"}],"wp:attachment":[{"href":"https:\/\/wp-test.bigmachinery.nl\/es\/wp-json\/wp\/v2\/media?parent=514087"}],"curies":[{"name":"wp","href":"https:\/\/api.w.org\/{rel}","templated":true}]}}