{"id":514060,"date":"2021-05-27T13:58:31","date_gmt":"2021-05-27T11:58:31","guid":{"rendered":"https:\/\/wp-test.bigmachinery.nl\/parts\/repair-parts\/"},"modified":"2021-11-19T10:49:12","modified_gmt":"2021-11-19T09:49:12","slug":"piezas-de-reparacion","status":"publish","type":"page","link":"https:\/\/wp-test.bigmachinery.nl\/es\/big-piezas\/piezas-de-reparacion\/","title":{"rendered":"Piezas de reparaci\u00f3n"},"content":{"rendered":"","protected":false},"excerpt":{"rendered":"","protected":false},"author":1,"featured_media":513673,"parent":514050,"menu_order":0,"comment_status":"closed","ping_status":"closed","template":"","meta":[],"acf":{"page_content":[{"acf_fc_layout":"two_columns","background_color":"white","intro":"<p>BIG Machinery puede suministrarle piezas originales Caterpillar o piezas de repuesto de alta calidad. BIG Machinery trabaja directamente con Caterpillar y con proveedores de todo el mundo que est\u00e1n previstos con una gran variedad de piezas para una entrega r\u00e1pida a nuestro almac\u00e9n en los Pa\u00edses Bajos.<\/p>\n","columns":{"column_left":"<p><img decoding=\"async\" loading=\"lazy\" width=\"1024\" height=\"683\" class=\"alignnone wp-image-473931 size-large\" src=\"https:\/\/wp-test.bigmachinery.nl\/app\/uploads\/2021\/05\/1-Repair-parts-1024x683.jpeg\" alt=\"\" srcset=\"https:\/\/wp-test.bigmachinery.nl\/app\/uploads\/2021\/05\/1-Repair-parts-1024x683.jpeg 1024w, https:\/\/wp-test.bigmachinery.nl\/app\/uploads\/2021\/05\/1-Repair-parts-300x200.jpeg 300w, https:\/\/wp-test.bigmachinery.nl\/app\/uploads\/2021\/05\/1-Repair-parts-768x512.jpeg 768w\" sizes=\"(max-width: 1024px) 100vw, 1024px\" \/><\/p>\n","column_right":"<p><strong>Podemos suministrar las siguientes categor\u00edas,<\/strong><\/p>\n<p>Piezas de motor<br \/>\nPiezas de sistemas de refrigeraci\u00f3n<br \/>\nComponentes del bastidor<br \/>\nPiezas de transmisiones<br \/>\nPiezas hidr\u00e1ulicas<br \/>\nBombas para m\u00e1quinas de movimiento de tierras<br \/>\nComponentes para sistemas neum\u00e1ticos<br \/>\nPiezas el\u00e9ctricas<br \/>\nPiezas de cabina y filtros de aceite y aire<\/p>\n"}},{"acf_fc_layout":"two_columns","background_color":"blue","intro":"","columns":{"column_left":"<p>Nuestros proveedores se aseguran de que las piezas de repuesto cumplan con los m\u00e1s altos est\u00e1ndares de calidad. Esto nos permite garantizar la calidad del surtido, compuesto por<\/p>\n","column_right":"<ul>\n<li>Piezas de motor, como cig\u00fce\u00f1ales, v\u00e1stagos de cilindros, culatas de cilindros, bloques de cilindros, camisas de cilindros, pistones y v\u00e1lvulas de motor.<\/li>\n<li>Piezas hidr\u00e1ulicas, como sistemas de direcci\u00f3n hidr\u00e1ulica, bombas de engranajes y bombas de pistones.<\/li>\n<li>Piezas de transmisiones<\/li>\n<li>Piezas del sistema de refrigeraci\u00f3n como enfriadores de aceite, bombas y radiadores<\/li>\n<li>Convertidores de par con componentes<\/li>\n<li>Componentes del sistema de frenos, como pinzas, discos y compresores de aire<\/li>\n<li>Piezas el\u00e9ctricas como motores de arranque, interruptores, sensores, alternadores, luces de trabajo\u00a0y bater\u00edas.<\/li>\n<li>Componentes para transmisiones finales, sistemas de diferenciales y transmisiones<\/li>\n<li>Piezas del chasis como bogies, barras niveladoras y protectores<\/li>\n<li>Repuestos de cabina como ventanas, indicadores de nivel y asientos del conductor.<\/li>\n<\/ul>\n"}},{"acf_fc_layout":"form","title":"FORMULARIO DE SOLICITUD PIEZAS","form":"3"}]},"_links":{"self":[{"href":"https:\/\/wp-test.bigmachinery.nl\/es\/wp-json\/wp\/v2\/pages\/514060"}],"collection":[{"href":"https:\/\/wp-test.bigmachinery.nl\/es\/wp-json\/wp\/v2\/pages"}],"about":[{"href":"https:\/\/wp-test.bigmachinery.nl\/es\/wp-json\/wp\/v2\/types\/page"}],"author":[{"embeddable":true,"href":"https:\/\/wp-test.bigmachinery.nl\/es\/wp-json\/wp\/v2\/users\/1"}],"replies":[{"embeddable":true,"href":"https:\/\/wp-test.bigmachinery.nl\/es\/wp-json\/wp\/v2\/comments?post=514060"}],"version-history":[{"count":2,"href":"https:\/\/wp-test.bigmachinery.nl\/es\/wp-json\/wp\/v2\/pages\/514060\/revisions"}],"predecessor-version":[{"id":514244,"href":"https:\/\/wp-test.bigmachinery.nl\/es\/wp-json\/wp\/v2\/pages\/514060\/revisions\/514244"}],"up":[{"embeddable":true,"href":"https:\/\/wp-test.bigmachinery.nl\/es\/wp-json\/wp\/v2\/pages\/514050"}],"wp:featuredmedia":[{"embeddable":true,"href":"https:\/\/wp-test.bigmachinery.nl\/es\/wp-json\/wp\/v2\/media\/513673"}],"wp:attachment":[{"href":"https:\/\/wp-test.bigmachinery.nl\/es\/wp-json\/wp\/v2\/media?parent=514060"}],"curies":[{"name":"wp","href":"https:\/\/api.w.org\/{rel}","templated":true}]}}